{"id":1971,"date":"2025-02-24T11:39:38","date_gmt":"2025-02-24T11:39:38","guid":{"rendered":"https:\/\/rivolagroup.yoyowebg.it\/schulungskurs\/"},"modified":"2026-01-19T15:32:19","modified_gmt":"2026-01-19T15:32:19","slug":"schulungskurs","status":"publish","type":"page","link":"https:\/\/rivolagroup.com\/de\/schulungskurs\/","title":{"rendered":"Schulungskurs"},"content":{"rendered":"\t\t<div data-elementor-type=\"wp-page\" data-elementor-id=\"1971\" class=\"elementor elementor-1971 elementor-428\" data-elementor-post-type=\"page\">\n\t\t\t\t<div class=\"elementor-element elementor-element-dada3f7 e-flex e-con-boxed e-con e-parent\" data-id=\"dada3f7\" data-element_type=\"container\" data-e-type=\"container\">\n\t\t\t\t\t<div class=\"e-con-inner\">\n\t\t\t\t<div class=\"elementor-element elementor-element-0021f5e elementor-widget elementor-widget-text-editor\" data-id=\"0021f5e\" data-element_type=\"widget\" data-e-type=\"widget\" data-widget_type=\"text-editor.default\">\n\t\t\t\t<div class=\"elementor-widget-container\">\n\t\t\t\t\t\t\t\t\t<h3>SCHULUNG F\u00dcR AUFNAHMEEINRICHTUNGEN<\/h3>\t\t\t\t\t\t\t\t<\/div>\n\t\t\t\t<\/div>\n\t\t\t\t\t<\/div>\n\t\t\t\t<\/div>\n\t\t<div class=\"elementor-element elementor-element-3cf435f e-flex e-con-boxed e-con e-parent\" data-id=\"3cf435f\" data-element_type=\"container\" data-e-type=\"container\">\n\t\t\t\t\t<div class=\"e-con-inner\">\n\t\t\t\t<div class=\"elementor-element elementor-element-17f94b5 elementor-widget elementor-widget-text-editor\" data-id=\"17f94b5\" data-element_type=\"widget\" data-e-type=\"widget\" data-widget_type=\"text-editor.default\">\n\t\t\t\t<div class=\"elementor-widget-container\">\n\t\t\t\t\t\t\t\t\t<p>Von Vorschriften bis zum Management: alles, was Sie brauchen, um Ihr Gastgewerbe in der Lombardei zu gr\u00fcnden (oder zu verbessern).<\/p><p>Ein umfassendes und praxisorientiertes Programm f\u00fcr alle, die eine Idee in ein attraktives, funktionales und profitables Unternehmen verwandeln m\u00f6chten.<br>5 wichtige Module, zahlreiche F\u00e4higkeiten und keine unn\u00f6tige Theorie.<\/p>\t\t\t\t\t\t\t\t<\/div>\n\t\t\t\t<\/div>\n\t\t\t\t\t<\/div>\n\t\t\t\t<\/div>\n\t\t<div class=\"elementor-element elementor-element-afb7556 e-flex e-con-boxed e-con e-parent\" data-id=\"afb7556\" data-element_type=\"container\" data-e-type=\"container\">\n\t\t\t\t\t<div class=\"e-con-inner\">\n\t\t\t\t<div class=\"elementor-element elementor-element-69a40ab elementor-widget-divider--view-line elementor-widget elementor-widget-divider\" data-id=\"69a40ab\" data-element_type=\"widget\" data-e-type=\"widget\" data-widget_type=\"divider.default\">\n\t\t\t\t<div class=\"elementor-widget-container\">\n\t\t\t\t\t\t\t<div class=\"elementor-divider\">\n\t\t\t<span class=\"elementor-divider-separator\">\n\t\t\t\t\t\t<\/span>\n\t\t<\/div>\n\t\t\t\t\t\t<\/div>\n\t\t\t\t<\/div>\n\t\t\t\t<div class=\"elementor-element elementor-element-4ef3e9d elementor-widget elementor-widget-text-editor\" data-id=\"4ef3e9d\" data-element_type=\"widget\" data-e-type=\"widget\" data-widget_type=\"text-editor.default\">\n\t\t\t\t<div class=\"elementor-widget-container\">\n\t\t\t\t\t\t\t\t\t<h3>WAS WIR GEMEINSAM BEW\u00c4LTIGEN WERDEN<\/h3>\t\t\t\t\t\t\t\t<\/div>\n\t\t\t\t<\/div>\n\t\t\t\t<div class=\"elementor-element elementor-element-b22654b elementor-widget elementor-widget-text-editor\" data-id=\"b22654b\" data-element_type=\"widget\" data-e-type=\"widget\" data-widget_type=\"text-editor.default\">\n\t\t\t\t<div class=\"elementor-widget-container\">\n\t\t\t\t\t\t\t\t\t<p><strong>VORSCHRIFTEN UND PFLICHTEN (OHNE PANIK)<\/strong><br>Wir beginnen mit den Grundlagen: regionalen Vorschriften, den Unterschieden zwischen Hotels und Nicht-Hotels und den zu erf\u00fcllenden Pflichten. Klar, einfach und praktisch. <\/p><p><strong>OTAs, Managementsoftware und Buchungen<\/strong><br>Sie erfahren, wie die wichtigsten Plattformen (Booking, Airbnb usw.) funktionieren und wie Sie eine Managementsoftware optimal nutzen, um Zeit- und Geldverschwendung zu vermeiden.<\/p><p><strong>IDENTIT\u00c4T UND EINZIGARTIGKEIT DER IMMOBILIE<\/strong><br>Der wahre Unterschied liegt in der Seele des Projekts, den Dienstleistungen und den Mitarbeitern. Wir helfen Ihnen, Ihre Einzigartigkeit zu definieren und angemessen zu kommunizieren. <\/p><p><strong>ONLINE-STRATEGIE UND -POSITIONIERUNG<\/strong><br>Wir verstehen, wann und wie man online geht, wie man von den richtigen Kunden gefunden (und ausgew\u00e4hlt) wird und wie man Pakete und Preise strukturiert, um den Gewinn zu maximieren.<\/p><p><strong>STRESSFREIE VERWALTUNG<\/strong><br>Rechnungen, Steuern, Lieferanten, Check-ins, Provisionen \u2026 Es macht keinen Spa\u00df, ist aber unerl\u00e4sslich. Wir zeigen Ihnen, wie Sie alles methodisch und mit praktischen Tools verwalten.  <\/p><p><strong>BEWERTUNGEN, PROBLEME UND WACHSTUM<\/strong><br>Umgang mit unzufriedenen Kunden, Antworten auf Bewertungen, Umgang mit unerwarteten Problemen: Jede Situation bietet die Chance zur Verbesserung. Wir zeigen Ihnen, wie. <\/p>\t\t\t\t\t\t\t\t<\/div>\n\t\t\t\t<\/div>\n\t\t\t\t<div class=\"elementor-element elementor-element-0804e5a elementor-widget elementor-widget-text-editor\" data-id=\"0804e5a\" data-element_type=\"widget\" data-e-type=\"widget\" data-widget_type=\"text-editor.default\">\n\t\t\t\t<div class=\"elementor-widget-container\">\n\t\t\t\t\t\t\t\t\t<p>Jedes Thema wird in einem Einzelgespr\u00e4ch ausf\u00fchrlich behandelt, um das Programm auf Ihre spezifischen Bed\u00fcrfnisse abzustimmen.<\/p><p>Ein praktischer Kurs, ein echter Leitfaden f\u00fcr die Gr\u00fcndung und das Wachstum Ihres Unternehmens auf nachhaltige und professionelle Weise.<\/p>\t\t\t\t\t\t\t\t<\/div>\n\t\t\t\t<\/div>\n\t\t\t\t\t<\/div>\n\t\t\t\t<\/div>\n\t\t<div class=\"elementor-element elementor-element-bce65b1 e-flex e-con-boxed e-con e-parent\" data-id=\"bce65b1\" data-element_type=\"container\" data-e-type=\"container\">\n\t\t\t\t\t<div class=\"e-con-inner\">\n\t\t\t\t<div class=\"elementor-element elementor-element-d144e76 elementor-widget elementor-widget-spacer\" data-id=\"d144e76\" data-element_type=\"widget\" data-e-type=\"widget\" data-widget_type=\"spacer.default\">\n\t\t\t\t<div class=\"elementor-widget-container\">\n\t\t\t\t\t\t\t<div class=\"elementor-spacer\">\n\t\t\t<div class=\"elementor-spacer-inner\"><\/div>\n\t\t<\/div>\n\t\t\t\t\t\t<\/div>\n\t\t\t\t<\/div>\n\t\t\t\t\t<\/div>\n\t\t\t\t<\/div>\n\t\t\t\t<\/div>\n\t\t","protected":false},"excerpt":{"rendered":"<p>SCHULUNG F\u00dcR AUFNAHMEEINRICHTUNGEN Von Vorschriften bis zum Management: alles, was Sie brauchen, um Ihr Gastgewerbe in der Lombardei zu gr\u00fcnden (oder zu verbessern). Ein umfassendes und praxisorientiertes Programm f\u00fcr alle, die eine Idee in ein attraktives, funktionales und profitables Unternehmen verwandeln m\u00f6chten.5 wichtige Module, zahlreiche F\u00e4higkeiten und keine unn\u00f6tige Theorie. WAS WIR GEMEINSAM BEW\u00c4LTIGEN WERDEN [&hellip;]<\/p>\n","protected":false},"author":1,"featured_media":0,"parent":0,"menu_order":0,"comment_status":"closed","ping_status":"closed","template":"","meta":{"_seopress_robots_primary_cat":"","_seopress_titles_title":"","_seopress_titles_desc":"","_seopress_robots_index":"","footnotes":""},"class_list":["post-1971","page","type-page","status-publish","hentry"],"_links":{"self":[{"href":"https:\/\/rivolagroup.com\/de\/wp-json\/wp\/v2\/pages\/1971","targetHints":{"allow":["GET"]}}],"collection":[{"href":"https:\/\/rivolagroup.com\/de\/wp-json\/wp\/v2\/pages"}],"about":[{"href":"https:\/\/rivolagroup.com\/de\/wp-json\/wp\/v2\/types\/page"}],"author":[{"embeddable":true,"href":"https:\/\/rivolagroup.com\/de\/wp-json\/wp\/v2\/users\/1"}],"replies":[{"embeddable":true,"href":"https:\/\/rivolagroup.com\/de\/wp-json\/wp\/v2\/comments?post=1971"}],"version-history":[{"count":0,"href":"https:\/\/rivolagroup.com\/de\/wp-json\/wp\/v2\/pages\/1971\/revisions"}],"wp:attachment":[{"href":"https:\/\/rivolagroup.com\/de\/wp-json\/wp\/v2\/media?parent=1971"}],"curies":[{"name":"wp","href":"https:\/\/api.w.org\/{rel}","templated":true}]}}