{"id":1973,"date":"2025-02-24T11:39:38","date_gmt":"2025-02-24T11:39:38","guid":{"rendered":"https:\/\/rivolagroup.yoyowebg.it\/curso-de-formacion\/"},"modified":"2026-01-19T15:31:49","modified_gmt":"2026-01-19T15:31:49","slug":"curso-de-formacion","status":"publish","type":"page","link":"https:\/\/rivolagroup.com\/es\/curso-de-formacion\/","title":{"rendered":"Curso de formaci\u00f3n"},"content":{"rendered":"\t\t<div data-elementor-type=\"wp-page\" data-elementor-id=\"1973\" class=\"elementor elementor-1973 elementor-428\" data-elementor-post-type=\"page\">\n\t\t\t\t<div class=\"elementor-element elementor-element-dada3f7 e-flex e-con-boxed e-con e-parent\" data-id=\"dada3f7\" data-element_type=\"container\" data-e-type=\"container\">\n\t\t\t\t\t<div class=\"e-con-inner\">\n\t\t\t\t<div class=\"elementor-element elementor-element-0021f5e elementor-widget elementor-widget-text-editor\" data-id=\"0021f5e\" data-element_type=\"widget\" data-e-type=\"widget\" data-widget_type=\"text-editor.default\">\n\t\t\t\t<div class=\"elementor-widget-container\">\n\t\t\t\t\t\t\t\t\t<h3>CURSO DE FORMACI\u00d3N PARA INSTALACIONES DE RECEPCI\u00d3N<\/h3>\t\t\t\t\t\t\t\t<\/div>\n\t\t\t\t<\/div>\n\t\t\t\t\t<\/div>\n\t\t\t\t<\/div>\n\t\t<div class=\"elementor-element elementor-element-3cf435f e-flex e-con-boxed e-con e-parent\" data-id=\"3cf435f\" data-element_type=\"container\" data-e-type=\"container\">\n\t\t\t\t\t<div class=\"e-con-inner\">\n\t\t\t\t<div class=\"elementor-element elementor-element-17f94b5 elementor-widget elementor-widget-text-editor\" data-id=\"17f94b5\" data-element_type=\"widget\" data-e-type=\"widget\" data-widget_type=\"text-editor.default\">\n\t\t\t\t<div class=\"elementor-widget-container\">\n\t\t\t\t\t\t\t\t\t<p>De la normativa a la gesti\u00f3n: todo lo que necesitas para iniciar (o mejorar) tu negocio de hosteler\u00eda en Lombard\u00eda.<\/p><p>Un programa integral y pr\u00e1ctico, dise\u00f1ado para quienes desean transformar una idea en un negocio atractivo, funcional y rentable.<br>5 m\u00f3dulos esenciales, numerosas habilidades y cero teor\u00eda innecesaria.<\/p>\t\t\t\t\t\t\t\t<\/div>\n\t\t\t\t<\/div>\n\t\t\t\t\t<\/div>\n\t\t\t\t<\/div>\n\t\t<div class=\"elementor-element elementor-element-afb7556 e-flex e-con-boxed e-con e-parent\" data-id=\"afb7556\" data-element_type=\"container\" data-e-type=\"container\">\n\t\t\t\t\t<div class=\"e-con-inner\">\n\t\t\t\t<div class=\"elementor-element elementor-element-69a40ab elementor-widget-divider--view-line elementor-widget elementor-widget-divider\" data-id=\"69a40ab\" data-element_type=\"widget\" data-e-type=\"widget\" data-widget_type=\"divider.default\">\n\t\t\t\t<div class=\"elementor-widget-container\">\n\t\t\t\t\t\t\t<div class=\"elementor-divider\">\n\t\t\t<span class=\"elementor-divider-separator\">\n\t\t\t\t\t\t<\/span>\n\t\t<\/div>\n\t\t\t\t\t\t<\/div>\n\t\t\t\t<\/div>\n\t\t\t\t<div class=\"elementor-element elementor-element-4ef3e9d elementor-widget elementor-widget-text-editor\" data-id=\"4ef3e9d\" data-element_type=\"widget\" data-e-type=\"widget\" data-widget_type=\"text-editor.default\">\n\t\t\t\t<div class=\"elementor-widget-container\">\n\t\t\t\t\t\t\t\t\t<h3>LO QUE ENFRENTAREMOS JUNTOS<\/h3>\t\t\t\t\t\t\t\t<\/div>\n\t\t\t\t<\/div>\n\t\t\t\t<div class=\"elementor-element elementor-element-b22654b elementor-widget elementor-widget-text-editor\" data-id=\"b22654b\" data-element_type=\"widget\" data-e-type=\"widget\" data-widget_type=\"text-editor.default\">\n\t\t\t\t<div class=\"elementor-widget-container\">\n\t\t\t\t\t\t\t\t\t<p><strong>REGLAMENTOS Y OBLIGACIONES (SIN P\u00c1NICO)<\/strong><br>Empecemos por lo b\u00e1sico: normativa regional, diferencias entre hoteles y establecimientos no hoteleros, y obligaciones a cumplir. Claro, sencillo y pr\u00e1ctico. <\/p><p><strong>OTA, SOFTWARE DE GESTI\u00d3N Y RESERVAS<\/strong><br>Aprender\u00e1s c\u00f3mo funcionan las principales plataformas (Booking, Airbnb, etc.) y c\u00f3mo usar un software de gesti\u00f3n de la mejor manera para evitar perder tiempo (y dinero).<\/p><p><strong>IDENTIDAD Y SINGULARIDAD DE LA PROPIEDAD<\/strong><br>La verdadera diferencia reside en el alma del proyecto, los servicios y el personal. Le ayudamos a definir lo que le hace \u00fanico y a comunicarlo adecuadamente. <\/p><p><strong>ESTRATEGIA Y POSICIONAMIENTO ONLINE<\/strong><br>Entenderemos cu\u00e1ndo y c\u00f3mo posicionarse en l\u00ednea, c\u00f3mo lograr que los clientes adecuados nos encuentren (y nos elijan) y c\u00f3mo estructurar paquetes y precios para maximizar las ganancias.<\/p><p><strong>ADMINISTRACI\u00d3N SIN ESTR\u00c9S<\/strong><br>Facturas, impuestos, proveedores, registros, comisiones&#8230; No es divertido, pero es esencial. Te ense\u00f1aremos a gestionarlo todo met\u00f3dicamente y con herramientas pr\u00e1cticas.  <\/p><p><strong>RESE\u00d1AS, PROBLEMAS Y CRECIMIENTO<\/strong><br>Atender a un cliente insatisfecho, responder a rese\u00f1as, afrontar imprevistos: cada situaci\u00f3n es una oportunidad para mejorar. Te mostraremos c\u00f3mo. <\/p>\t\t\t\t\t\t\t\t<\/div>\n\t\t\t\t<\/div>\n\t\t\t\t<div class=\"elementor-element elementor-element-0804e5a elementor-widget elementor-widget-text-editor\" data-id=\"0804e5a\" data-element_type=\"widget\" data-e-type=\"widget\" data-widget_type=\"text-editor.default\">\n\t\t\t\t<div class=\"elementor-widget-container\">\n\t\t\t\t\t\t\t\t\t<p>Cada tema se explorar\u00e1 en profundidad durante una entrevista individual, para adaptar el programa a sus necesidades espec\u00edficas.<\/p><p>Un curso pr\u00e1ctico, una aut\u00e9ntica gu\u00eda para emprender y hacer crecer tu negocio de forma sostenible y profesional.<\/p>\t\t\t\t\t\t\t\t<\/div>\n\t\t\t\t<\/div>\n\t\t\t\t\t<\/div>\n\t\t\t\t<\/div>\n\t\t<div class=\"elementor-element elementor-element-bce65b1 e-flex e-con-boxed e-con e-parent\" data-id=\"bce65b1\" data-element_type=\"container\" data-e-type=\"container\">\n\t\t\t\t\t<div class=\"e-con-inner\">\n\t\t\t\t<div class=\"elementor-element elementor-element-d144e76 elementor-widget elementor-widget-spacer\" data-id=\"d144e76\" data-element_type=\"widget\" data-e-type=\"widget\" data-widget_type=\"spacer.default\">\n\t\t\t\t<div class=\"elementor-widget-container\">\n\t\t\t\t\t\t\t<div class=\"elementor-spacer\">\n\t\t\t<div class=\"elementor-spacer-inner\"><\/div>\n\t\t<\/div>\n\t\t\t\t\t\t<\/div>\n\t\t\t\t<\/div>\n\t\t\t\t\t<\/div>\n\t\t\t\t<\/div>\n\t\t\t\t<\/div>\n\t\t","protected":false},"excerpt":{"rendered":"<p>CURSO DE FORMACI\u00d3N PARA INSTALACIONES DE RECEPCI\u00d3N De la normativa a la gesti\u00f3n: todo lo que necesitas para iniciar (o mejorar) tu negocio de hosteler\u00eda en Lombard\u00eda. Un programa integral y pr\u00e1ctico, dise\u00f1ado para quienes desean transformar una idea en un negocio atractivo, funcional y rentable.5 m\u00f3dulos esenciales, numerosas habilidades y cero teor\u00eda innecesaria. LO [&hellip;]<\/p>\n","protected":false},"author":1,"featured_media":0,"parent":0,"menu_order":0,"comment_status":"closed","ping_status":"closed","template":"","meta":{"_seopress_robots_primary_cat":"","_seopress_titles_title":"","_seopress_titles_desc":"","_seopress_robots_index":"","footnotes":""},"class_list":["post-1973","page","type-page","status-publish","hentry"],"_links":{"self":[{"href":"https:\/\/rivolagroup.com\/es\/wp-json\/wp\/v2\/pages\/1973","targetHints":{"allow":["GET"]}}],"collection":[{"href":"https:\/\/rivolagroup.com\/es\/wp-json\/wp\/v2\/pages"}],"about":[{"href":"https:\/\/rivolagroup.com\/es\/wp-json\/wp\/v2\/types\/page"}],"author":[{"embeddable":true,"href":"https:\/\/rivolagroup.com\/es\/wp-json\/wp\/v2\/users\/1"}],"replies":[{"embeddable":true,"href":"https:\/\/rivolagroup.com\/es\/wp-json\/wp\/v2\/comments?post=1973"}],"version-history":[{"count":0,"href":"https:\/\/rivolagroup.com\/es\/wp-json\/wp\/v2\/pages\/1973\/revisions"}],"wp:attachment":[{"href":"https:\/\/rivolagroup.com\/es\/wp-json\/wp\/v2\/media?parent=1973"}],"curies":[{"name":"wp","href":"https:\/\/api.w.org\/{rel}","templated":true}]}}