{"id":2379,"date":"2025-02-24T11:39:38","date_gmt":"2025-02-24T11:39:38","guid":{"rendered":"https:\/\/rivolagroup.com\/cours-de-formation\/"},"modified":"2025-12-31T21:38:57","modified_gmt":"2025-12-31T21:38:57","slug":"cours-de-formation","status":"publish","type":"page","link":"https:\/\/rivolagroup.com\/fr\/cours-de-formation\/","title":{"rendered":"Cours de formation"},"content":{"rendered":"\t\t<div data-elementor-type=\"wp-page\" data-elementor-id=\"2379\" class=\"elementor elementor-2379 elementor-428\" data-elementor-post-type=\"page\">\n\t\t\t\t<div class=\"elementor-element elementor-element-dada3f7 e-flex e-con-boxed e-con e-parent\" data-id=\"dada3f7\" data-element_type=\"container\" data-e-type=\"container\">\n\t\t\t\t\t<div class=\"e-con-inner\">\n\t\t\t\t<div class=\"elementor-element elementor-element-0021f5e elementor-widget elementor-widget-text-editor\" data-id=\"0021f5e\" data-element_type=\"widget\" data-e-type=\"widget\" data-widget_type=\"text-editor.default\">\n\t\t\t\t<div class=\"elementor-widget-container\">\n\t\t\t\t\t\t\t\t\t<h3>FORMATION POUR LE PERSONNEL D&rsquo;ACCUEIL<\/h3>\t\t\t\t\t\t\t\t<\/div>\n\t\t\t\t<\/div>\n\t\t\t\t\t<\/div>\n\t\t\t\t<\/div>\n\t\t<div class=\"elementor-element elementor-element-3cf435f e-flex e-con-boxed e-con e-parent\" data-id=\"3cf435f\" data-element_type=\"container\" data-e-type=\"container\">\n\t\t\t\t\t<div class=\"e-con-inner\">\n\t\t\t\t<div class=\"elementor-element elementor-element-17f94b5 elementor-widget elementor-widget-text-editor\" data-id=\"17f94b5\" data-element_type=\"widget\" data-e-type=\"widget\" data-widget_type=\"text-editor.default\">\n\t\t\t\t<div class=\"elementor-widget-container\">\n\t\t\t\t\t\t\t\t\t<p>De la r\u00e9glementation \u00e0 la gestion : tout ce dont vous avez besoin pour cr\u00e9er (ou am\u00e9liorer) votre entreprise h\u00f4teli\u00e8re en Lombardie.<\/p><p>Un programme complet et pratique, con\u00e7u pour celles et ceux qui souhaitent transformer une id\u00e9e en une entreprise accueillante, fonctionnelle et rentable.<br>5 modules essentiels, acquisition de nombreuses comp\u00e9tences et aucune th\u00e9orie superflue.<\/p>\t\t\t\t\t\t\t\t<\/div>\n\t\t\t\t<\/div>\n\t\t\t\t\t<\/div>\n\t\t\t\t<\/div>\n\t\t<div class=\"elementor-element elementor-element-afb7556 e-flex e-con-boxed e-con e-parent\" data-id=\"afb7556\" data-element_type=\"container\" data-e-type=\"container\">\n\t\t\t\t\t<div class=\"e-con-inner\">\n\t\t\t\t<div class=\"elementor-element elementor-element-69a40ab elementor-widget-divider--view-line elementor-widget elementor-widget-divider\" data-id=\"69a40ab\" data-element_type=\"widget\" data-e-type=\"widget\" data-widget_type=\"divider.default\">\n\t\t\t\t<div class=\"elementor-widget-container\">\n\t\t\t\t\t\t\t<div class=\"elementor-divider\">\n\t\t\t<span class=\"elementor-divider-separator\">\n\t\t\t\t\t\t<\/span>\n\t\t<\/div>\n\t\t\t\t\t\t<\/div>\n\t\t\t\t<\/div>\n\t\t\t\t<div class=\"elementor-element elementor-element-4ef3e9d elementor-widget elementor-widget-text-editor\" data-id=\"4ef3e9d\" data-element_type=\"widget\" data-e-type=\"widget\" data-widget_type=\"text-editor.default\">\n\t\t\t\t<div class=\"elementor-widget-container\">\n\t\t\t\t\t\t\t\t\t<h3>\u00c0 CE QUE NOUS DEVRONS AFFRONTER ENSEMBLE<\/h3>\t\t\t\t\t\t\t\t<\/div>\n\t\t\t\t<\/div>\n\t\t\t\t<div class=\"elementor-element elementor-element-b22654b elementor-widget elementor-widget-text-editor\" data-id=\"b22654b\" data-element_type=\"widget\" data-e-type=\"widget\" data-widget_type=\"text-editor.default\">\n\t\t\t\t<div class=\"elementor-widget-container\">\n\t\t\t\t\t\t\t\t\t<p>R\u00c9GLEMENTATION ET OBLIGATIONS (SANS PANIQUE)<br>Nous commencerons par les bases : la r\u00e9glementation r\u00e9gionale, les diff\u00e9rences entre h\u00f4tels et autres \u00e9tablissements, et les obligations \u00e0 respecter. Clair, simple et pratique. <\/p><p>Agences de voyages en ligne, logiciels de gestion et r\u00e9servations<br>Vous apprendrez comment fonctionnent les principales plateformes (Booking, Airbnb, etc.) et comment utiliser au mieux un logiciel de gestion pour \u00e9viter de perdre du temps (et de l&rsquo;argent).<\/p><p>IDENTIT\u00c9 ET CARACT\u00c9RISTIQUES UNIQUES DU BIEN<br>La v\u00e9ritable diff\u00e9rence r\u00e9side dans l&rsquo;\u00e2me du projet, les services et le personnel. Nous vous aidons \u00e0 d\u00e9finir ce qui vous rend unique et \u00e0 le communiquer efficacement. <\/p><p>STRAT\u00c9GIE ET \u200b\u200bPOSITIONNEMENT EN LIGNE<br>Nous verrons quand et comment \u00ab se lancer en ligne \u00bb, comment \u00eatre trouv\u00e9 (et choisi) par les bons clients, et comment structurer les offres et les prix pour maximiser les profits.<\/p><p>ADMINISTRATION SANS STRESS<br>Factures, taxes, fournisseurs, enregistrements, commissions\u2026 Ce n\u2019est pas amusant, mais c\u2019est indispensable. Nous vous apprendrons \u00e0 tout g\u00e9rer m\u00e9thodiquement et avec des outils pratiques.  <\/p><p>AVIS, PROBL\u00c8MES ET CROISSANCE<br>G\u00e9rer un client insatisfait, r\u00e9pondre aux avis, faire face aux impr\u00e9vus : chaque situation est une occasion de s\u2019am\u00e9liorer. Nous vous montrerons comment. <\/p>\t\t\t\t\t\t\t\t<\/div>\n\t\t\t\t<\/div>\n\t\t\t\t<div class=\"elementor-element elementor-element-0804e5a elementor-widget elementor-widget-text-editor\" data-id=\"0804e5a\" data-element_type=\"widget\" data-e-type=\"widget\" data-widget_type=\"text-editor.default\">\n\t\t\t\t<div class=\"elementor-widget-container\">\n\t\t\t\t\t\t\t\t\t<p>Chaque sujet sera explor\u00e9 en profondeur lors d&rsquo;un entretien individuel, afin d&rsquo;adapter le programme \u00e0 vos besoins sp\u00e9cifiques.<\/p><p>Un cours pratique, un v\u00e9ritable guide pour cr\u00e9er et d\u00e9velopper votre entreprise de mani\u00e8re durable et professionnelle.<\/p>\t\t\t\t\t\t\t\t<\/div>\n\t\t\t\t<\/div>\n\t\t\t\t\t<\/div>\n\t\t\t\t<\/div>\n\t\t<div class=\"elementor-element elementor-element-bce65b1 e-flex e-con-boxed e-con e-parent\" data-id=\"bce65b1\" data-element_type=\"container\" data-e-type=\"container\">\n\t\t\t\t\t<div class=\"e-con-inner\">\n\t\t\t\t<div class=\"elementor-element elementor-element-d144e76 elementor-widget elementor-widget-spacer\" data-id=\"d144e76\" data-element_type=\"widget\" data-e-type=\"widget\" data-widget_type=\"spacer.default\">\n\t\t\t\t<div class=\"elementor-widget-container\">\n\t\t\t\t\t\t\t<div class=\"elementor-spacer\">\n\t\t\t<div class=\"elementor-spacer-inner\"><\/div>\n\t\t<\/div>\n\t\t\t\t\t\t<\/div>\n\t\t\t\t<\/div>\n\t\t\t\t\t<\/div>\n\t\t\t\t<\/div>\n\t\t\t\t<\/div>\n\t\t","protected":false},"excerpt":{"rendered":"<p>FORMATION POUR LE PERSONNEL D&rsquo;ACCUEIL De la r\u00e9glementation \u00e0 la gestion : tout ce dont vous avez besoin pour cr\u00e9er (ou am\u00e9liorer) votre entreprise h\u00f4teli\u00e8re en Lombardie. Un programme complet et pratique, con\u00e7u pour celles et ceux qui souhaitent transformer une id\u00e9e en une entreprise accueillante, fonctionnelle et rentable.5 modules essentiels, acquisition de nombreuses comp\u00e9tences [&hellip;]<\/p>\n","protected":false},"author":1,"featured_media":0,"parent":0,"menu_order":0,"comment_status":"closed","ping_status":"closed","template":"","meta":{"_seopress_robots_primary_cat":"","_seopress_titles_title":"","_seopress_titles_desc":"","_seopress_robots_index":"","footnotes":""},"class_list":["post-2379","page","type-page","status-publish","hentry"],"_links":{"self":[{"href":"https:\/\/rivolagroup.com\/fr\/wp-json\/wp\/v2\/pages\/2379","targetHints":{"allow":["GET"]}}],"collection":[{"href":"https:\/\/rivolagroup.com\/fr\/wp-json\/wp\/v2\/pages"}],"about":[{"href":"https:\/\/rivolagroup.com\/fr\/wp-json\/wp\/v2\/types\/page"}],"author":[{"embeddable":true,"href":"https:\/\/rivolagroup.com\/fr\/wp-json\/wp\/v2\/users\/1"}],"replies":[{"embeddable":true,"href":"https:\/\/rivolagroup.com\/fr\/wp-json\/wp\/v2\/comments?post=2379"}],"version-history":[{"count":0,"href":"https:\/\/rivolagroup.com\/fr\/wp-json\/wp\/v2\/pages\/2379\/revisions"}],"wp:attachment":[{"href":"https:\/\/rivolagroup.com\/fr\/wp-json\/wp\/v2\/media?parent=2379"}],"curies":[{"name":"wp","href":"https:\/\/api.w.org\/{rel}","templated":true}]}}